{"id":490,"date":"2021-11-03T15:15:36","date_gmt":"2021-11-03T14:15:36","guid":{"rendered":"http:\/\/dekoban.pl\/?page_id=490"},"modified":"2021-11-03T15:15:37","modified_gmt":"2021-11-03T14:15:37","slug":"informacja-o-przetwarzaniu-danych-osobowych","status":"publish","type":"page","link":"https:\/\/dekoban.pl\/index.php\/informacja-o-przetwarzaniu-danych-osobowych\/","title":{"rendered":"INFORMACJA O PRZETWARZANIU DANYCH OSOBOWYCH"},"content":{"rendered":"\n<p>Zgodnie z art.13 ust.1 i ust.2 rozporz\u0105dzenia Parlamentu Europejskiego i rady (UE) 2016\/679<br>z dnia 27 kwietnia 2016r. w sprawie ochrony os\u00f3b fizycznych w zwi\u0105zku z przetwarzaniem<br>danych osobowych i w sprawie swobodnego przep\u0142ywu takich danych oraz uchylenia<br>dyrektywy 95\/46\/WE (og\u00f3lnego rozporz\u0105dzenia o ochronie danych ), informujemy ,\u017ce:<\/p>\n\n\n\n<ol class=\"wp-block-list\"><li>Administratorem Pa\u0144stwa danych osobowych jest Dekoban Sp. z o.o., ul. \u017bupnicza 17,<br>03-821 Warszawa. Sp\u00f3\u0142ka jest zarejestrowana w Krajowym Rejestrze S\u0105dowym przez<br>S\u0105d Rejonowy w Warszawie, XIII Wydzia\u0142 Gospodarczy pod numerem KRS 0000683364;<br>REGON 36762167000000; NIP 113-29-44-862, adres poczty elektronicznej:<br>sklep@dekoban.pl, info@dekoban.pl numer telefonu: (22) 760-32-80<\/li><li>Administrator nie wyznaczy\u0142 inspektora ochrony danych osobowych;<\/li><li>Pa\u0144stwa dane pozyskali\u015bmy:<\/li><\/ol>\n\n\n\n<ul class=\"wp-block-list\"><li>bezpo\u015brednio od Pa\u0144stwa;<\/li><li>ze \u017ar\u00f3de\u0142 publicznych oraz og\u00f3lnodost\u0119pnych, w tym z Internetu, np. Krajowego<br>Rejestru S\u0105dowego, Centralnej Ewidencji i Informacji o Dzia\u0142alno\u015bci Gospodarczej.<\/li><\/ul>\n\n\n\n<ol class=\"wp-block-list\" start=\"4\"><li>Firma Dekoban Sp. z o.o. przetwarza nast\u0119puj\u0105ce kategorie danych:<\/li><\/ol>\n\n\n\n<ul class=\"wp-block-list\"><li>dane kontaktowe;<\/li><li>dane wymagane do identyfikacji na potrzeby zawarcia umowy, wykonania us\u0142ugi,<br>wystawienia faktury, obs\u0142ugi posprzeda\u017cowej, numery kont w celu rozlicze\u0144 mi\u0119dzy<br>firmami;<\/li><li>dane identyfikacyjne niezb\u0119dne do \u015bwiadczenia us\u0142ug on-line;<\/li><\/ul>\n\n\n\n<ol class=\"wp-block-list\" start=\"5\"><li>Pa\u0144stwa dane osobowe b\u0119d\u0105 przetwarzane w celach zwi\u0105zanych zrealizacj\u0105 zam\u00f3wie\u0144<br>przesy\u0142aniem informacji handlowych i marketingowych (szczeg\u00f3lnie w celu kontaktu<br>drog\u0105 mailow\u0105 , informowaniu o promocjach, produktach, katalogach i wydarzeniach<br>z udzia\u0142em administratora) oraz obs\u0142ug\u0105 posprzeda\u017cn\u0105 w tym rozpatrywaniem<br>reklamacji, na postawie wyra\u017conej zgody w oparciu o art.6 ust.1 pkt a rozporz\u0105dzenia<br>i art. 6 ust. 1 lit. f RODO.<\/li><li>Podane dane nie b\u0119d\u0105 przekazywane do pa\u0144stwa trzeciego ani organizacji<br>mi\u0119dzynarodowej;<\/li><li>Podane dane osobowe b\u0119d\u0105 przechowywane przez okres niezb\u0119dny do realizacji kontaktu w celach handlowych i marketingowych do czasu wycofania zgody na przetwarzanie;<\/li><li>Podaj\u0105cy swoje dane osobowe, maja Pa\u0144stwo prawo do wniesienia sprzeciwu wobec przetwarzania , prawo do przenoszenia danych, prawo do cofni\u0119cia zgody w dowolnym momencie bez wp\u0142ywu na zgodno\u015b\u0107 z prawem przetwarzania, kt\u00f3rego dokonano na podstawie zgody przed jej cofni\u0119ciem;<\/li><li>Podaj\u0105cy swoje dane ma prawo wniesienia skargi do organu nadzorczego , kt\u00f3rym jest: Generalny Inspektor Ochrony Danych Osobowych , adres siedziby: ul. Stawki 2 , 00-193 Warszawa , w ka\u017cdej chwili;<\/li><li>Podanie danych osobowych jest dobrowolne, tylko w oparciu o w\u0142asn\u0105 niewymuszon\u0105 wol\u0119, jednak\u017ce w przypadku braku zgody na przetwarzanie danych osobowych Firma nie b\u0119dzie mog\u0142a utrzymywa\u0107 kontaktu i przekazywa\u0107 istotnych informacji;<\/li><li>Nie przewidujemy zautomatyzowanego przetwarzania danych osobowych , w tym nie b\u0119dziemy stosowa\u0107 wobec tych danych profilowania<\/li><\/ol>\n","protected":false},"excerpt":{"rendered":"<p>Zgodnie z art.13 ust.1 i ust.2 rozporz\u0105dzenia Parlamentu Europejskiego i rady (UE) 2016\/679z dnia 27 kwietnia 2016r. w sprawie ochrony os\u00f3b fizycznych w zwi\u0105zku z przetwarzaniemdanych osobowych i w sprawie swobodnego przep\u0142ywu takich danych oraz uchyleniadyrektywy 95\/46\/WE (og\u00f3lnego rozporz\u0105dzenia o ochronie danych ), informujemy ,\u017ce: Administratorem Pa\u0144stwa danych osobowych jest Dekoban Sp. z o.o., ul. [&hellip;]<\/p>\n","protected":false},"author":1,"featured_media":0,"parent":0,"menu_order":0,"comment_status":"closed","ping_status":"closed","template":"","meta":{"kt_blocks_editor_width":"","footnotes":""},"class_list":["post-490","page","type-page","status-publish","hentry"],"_links":{"self":[{"href":"https:\/\/dekoban.pl\/index.php\/wp-json\/wp\/v2\/pages\/490","targetHints":{"allow":["GET"]}}],"collection":[{"href":"https:\/\/dekoban.pl\/index.php\/wp-json\/wp\/v2\/pages"}],"about":[{"href":"https:\/\/dekoban.pl\/index.php\/wp-json\/wp\/v2\/types\/page"}],"author":[{"embeddable":true,"href":"https:\/\/dekoban.pl\/index.php\/wp-json\/wp\/v2\/users\/1"}],"replies":[{"embeddable":true,"href":"https:\/\/dekoban.pl\/index.php\/wp-json\/wp\/v2\/comments?post=490"}],"version-history":[{"count":1,"href":"https:\/\/dekoban.pl\/index.php\/wp-json\/wp\/v2\/pages\/490\/revisions"}],"predecessor-version":[{"id":491,"href":"https:\/\/dekoban.pl\/index.php\/wp-json\/wp\/v2\/pages\/490\/revisions\/491"}],"wp:attachment":[{"href":"https:\/\/dekoban.pl\/index.php\/wp-json\/wp\/v2\/media?parent=490"}],"curies":[{"name":"wp","href":"https:\/\/api.w.org\/{rel}","templated":true}]}}