{"id":42,"date":"2021-06-03T09:06:56","date_gmt":"2021-06-03T07:06:56","guid":{"rendered":"http:\/\/nowy.dekoban.pl\/?page_id=42"},"modified":"2021-06-25T11:01:07","modified_gmt":"2021-06-25T09:01:07","slug":"wspolpraca","status":"publish","type":"page","link":"https:\/\/dekoban.pl\/index.php\/wspolpraca\/","title":{"rendered":"Wsp\u00f3\u0142praca"},"content":{"rendered":"\n<p style=\"font-size:25px\">Chcesz zosta\u0107 naszym dystrybutorem? Zapraszamy do wsp\u00f3\u0142pracy firmy z bran\u017cy.<\/p>\n\n\n\n<div style=\"height:51px\" aria-hidden=\"true\" class=\"wp-block-spacer\"><\/div>\n\n\n\n<div class=\"wp-block-columns is-layout-flex wp-container-core-columns-is-layout-9d6595d7 wp-block-columns-is-layout-flex\">\n<div class=\"wp-block-column is-layout-flow wp-block-column-is-layout-flow\">\n<p>Sprzeda\u017c naszych produkt\u00f3w realizujemy za po\u015brednictwem sieci Market\u00f3w Budowlanych, Supermarket\u00f3w oraz naszych dystrybutor\u00f3w. Wyj\u0105tek stanowi\u0105 produkty zastopowane w produkcji, ko\u0144c\u00f3wki kolekcji oraz towary komisowe, kt\u00f3re sprzedajemy za po\u015brednictwem naszego&nbsp;<strong><a href=\"https:\/\/allegro.pl\/uzytkownik\/dekoban_pl\" target=\"_blank\" rel=\"noreferrer noopener\">SKLEPU OUTLET<\/a><\/strong>.<\/p>\n\n\n\n<p>Dbamy o to, aby klienci dokonuj\u0105c zakupu u naszych bezpo\u015brednich dystrybutor\u00f3w mieli pewno\u015b\u0107 profesjonalnej obs\u0142ugi, atrakcyjnych cen, szybkiej realizacji zam\u00f3wienia oraz fachowego wsparcia przy wyborze odpowiednich produkt\u00f3w i perfekcyjnej obs\u0142ugi posprzeda\u017cowej.<\/p>\n\n\n\n<div style=\"height:100px\" aria-hidden=\"true\" class=\"wp-block-spacer\"><\/div>\n<\/div>\n\n\n\n<div class=\"wp-block-column is-layout-flow wp-block-column-is-layout-flow\"><style id=\"kt-blocks_103fde-2a\">.kt-tabs-id_103fde-2a > .kt-tabs-content-wrap > .wp-block-kadence-tab {border-width:0px 0px 0px 0px;padding:0px 0px 0px 0px;border-color:#000000;background:#fdfdfd;}.wp-block-kadence-tabs .kt-tabs-id_103fde-2a > .kt-tabs-title-list li {margin:0px 8px 8px 0px;}.wp-block-kadence-tabs .kt-tabs-id_103fde-2a > .kt-tabs-title-list li .kt-tab-title, .wp-block-kadence-tabs .kt-tabs-id_103fde-2a > .kt-tabs-content-wrap > .kt-tabs-accordion-title .kt-tab-title {font-size:1.1em;line-height:1.4em;border-width:px px px px ;border-radius:0px 0px 0px 0px ;padding:8px 50px 8px 50px ;border-color:#eeeeee;color:#222222;background:#eeeeee;}.wp-block-kadence-tabs .kt-tabs-id_103fde-2a > .kt-tabs-title-list li .kt-tab-title:hover, .wp-block-kadence-tabs .kt-tabs-id_103fde-2a > .kt-tabs-content-wrap > .kt-tabs-accordion-title .kt-tab-title:hover {border-color:#eeeeee;color:#ffffff;background:#47292b;}.wp-block-kadence-tabs .kt-tabs-id_103fde-2a > .kt-tabs-title-list li.kt-tab-title-active .kt-tab-title, .wp-block-kadence-tabs .kt-tabs-id_103fde-2a > .kt-tabs-content-wrap > .kt-tabs-accordion-title.kt-tab-title-active .kt-tab-title  {border-color:#eeeeee;color:#ffffff;background:#f58026;}<\/style>\n<div class=\"wp-block-kadence-tabs alignnone\"><div class=\"kt-tabs-wrap kt-tabs-id_103fde-2a kt-tabs-has-3-tabs kt-active-tab-2 kt-tabs-layout-tabs kt-tabs-tablet-layout-inherit kt-tabs-mobile-layout-inherit kt-tab-alignment-center \" style=\"max-width:none\"><ul class=\"kt-tabs-title-list\"><li id=\"tab-dlaczegowartoznamiwsppracowa\" class=\"kt-title-item kt-title-item-1 kt-tabs-svg-show-always kt-tabs-icon-side-right kt-tab-title-inactive\"><a href=\"#tab-dlaczegowartoznamiwsppracowa\" data-tab=\"1\" class=\"kt-tab-title kt-tab-title-1 \"><span class=\"kt-title-text\">Dlaczego warto z nami wsp\u00f3\u0142pracowa\u0107?<\/span><\/a><\/li><li id=\"tab-cooferujemynaszympartnerom\" class=\"kt-title-item kt-title-item-2 kt-tabs-svg-show-always kt-tabs-icon-side-right kt-tab-title-active\"><a href=\"#tab-cooferujemynaszympartnerom\" data-tab=\"2\" class=\"kt-tab-title kt-tab-title-2 \"><span class=\"kt-title-text\">Co oferujemy naszym partnerom?<\/span><\/a><\/li><li id=\"tab-kogoszukamy\" class=\"kt-title-item kt-title-item-3 kt-tabs-svg-show-always kt-tabs-icon-side-right kt-tab-title-inactive\"><a href=\"#tab-kogoszukamy\" data-tab=\"3\" class=\"kt-tab-title kt-tab-title-3 \"><span class=\"kt-title-text\">Kogo szukamy?<\/span><\/a><\/li><\/ul><div class=\"kt-tabs-content-wrap\">\n<div class=\"wp-block-kadence-tab kt-tab-inner-content kt-inner-tab-1 kt-inner-tab_9dea7a-41\"><div class=\"kt-tab-inner-content-inner\">\n<p>Zapraszamy do wsp\u00f3\u0142pracy firmy z bran\u017cy artyku\u0142\u00f3w dekoracyjnych, wyko\u0144czenia wn\u0119trz i dekoracji okien, kt\u00f3re chcia\u0142yby sta\u0107 si\u0119 dystrybutorami naszych produkt\u00f3w. Zach\u0119camy do wsp\u00f3\u0142pracy producent\u00f3w drzwi, stend\u00f3w reklamowych, firmy remontowe oraz pracownie architektoniczne.<\/p>\n<\/div><\/div>\n\n\n\n<div class=\"wp-block-kadence-tab kt-tab-inner-content kt-inner-tab-2 kt-inner-tab_645e0b-eb\"><div class=\"kt-tab-inner-content-inner\">\n<p>Zapewniamy sta\u0142y dost\u0119p do informacji o stanach magazynowych, aktualnych ofertach i promocjach dzi\u0119ki zintegrowanej platformie B2B.&nbsp;<\/p>\n\n\n\n<p>Oferujemy szkolenia techniczne dotycz\u0105ce doboru naszych produkt\u00f3w, por\u00f3wnania z produktami konkurencji oraz wsparcie marketingowe.&nbsp;<\/p>\n\n\n\n<p>Zapewniamy wsparcie naszych najlepszych konsultant\u00f3w handlowych w wypadku du\u017cych i z\u0142o\u017conych ofert.<\/p>\n<\/div><\/div>\n\n\n\n<div class=\"wp-block-kadence-tab kt-tab-inner-content kt-inner-tab-3 kt-inner-tab_2958c5-67\"><div class=\"kt-tab-inner-content-inner\">\n<p>Je\u015bli s\u0105 Pa\u0144stwo zainteresowani nawi\u0105zaniem wsp\u00f3\u0142pracy prosimy o kontakt. Po przeprowadzeniu analizy Pa\u0144stwa dzia\u0142alno\u015bci przygotujemy atrakcyjne warunki handlowe i ustalimy szczeg\u00f3\u0142y dotycz\u0105ce wsp\u00f3\u0142pracy.<\/p>\n<\/div><\/div>\n<\/div><\/div><\/div>\n<\/div>\n<\/div>\n\n\n\n<div style=\"height:61px\" aria-hidden=\"true\" class=\"wp-block-spacer\"><\/div>\n\n\n\n<h2 class=\"has-text-align-center wp-block-heading\">Zosta\u0144 dystrybutorem!<\/h2>\n\n\n\n<div class=\"wp-block-image\"><figure class=\"aligncenter size-large\"><img loading=\"lazy\" decoding=\"async\" width=\"402\" height=\"350\" src=\"http:\/\/nowy.dekoban.pl\/wp-content\/uploads\/2021\/06\/clients.png\" alt=\"\" class=\"wp-image-102\" srcset=\"https:\/\/dekoban.pl\/wp-content\/uploads\/2021\/06\/clients.png 402w, https:\/\/dekoban.pl\/wp-content\/uploads\/2021\/06\/clients-300x261.png 300w\" sizes=\"auto, (max-width: 402px) 100vw, 402px\" \/><\/figure><\/div>\n\n\n\n<p class=\"has-text-align-center\">Je\u015bli s\u0105 Pa\u0144stwo zainteresowani nawi\u0105zaniem wsp\u00f3\u0142pracy to zapraszamy do <a href=\"http:\/\/nowy.dekoban.pl\/index.php\/kontakt\/\" data-type=\"page\" data-id=\"8\">kontaktu<\/a>. Po przeprowadzeniu analizy Pa\u0144stwa dzia\u0142alno\u015bci przygotujemy atrakcyjne warunki handlowe<br>i ustalimy szczeg\u00f3\u0142y dotycz\u0105ce wsp\u00f3\u0142pracy.<\/p>\n","protected":false},"excerpt":{"rendered":"<p>Chcesz zosta\u0107 naszym dystrybutorem? Zapraszamy do wsp\u00f3\u0142pracy firmy z bran\u017cy. Sprzeda\u017c naszych produkt\u00f3w realizujemy za po\u015brednictwem sieci Market\u00f3w Budowlanych, Supermarket\u00f3w oraz naszych dystrybutor\u00f3w. Wyj\u0105tek stanowi\u0105 produkty zastopowane w produkcji, ko\u0144c\u00f3wki kolekcji oraz towary komisowe, kt\u00f3re sprzedajemy za po\u015brednictwem naszego&nbsp;SKLEPU OUTLET. Dbamy o to, aby klienci dokonuj\u0105c zakupu u naszych bezpo\u015brednich dystrybutor\u00f3w mieli pewno\u015b\u0107 profesjonalnej obs\u0142ugi, [&hellip;]<\/p>\n","protected":false},"author":1,"featured_media":0,"parent":0,"menu_order":0,"comment_status":"closed","ping_status":"closed","template":"","meta":{"kt_blocks_editor_width":"","footnotes":""},"class_list":["post-42","page","type-page","status-publish","hentry"],"_links":{"self":[{"href":"https:\/\/dekoban.pl\/index.php\/wp-json\/wp\/v2\/pages\/42","targetHints":{"allow":["GET"]}}],"collection":[{"href":"https:\/\/dekoban.pl\/index.php\/wp-json\/wp\/v2\/pages"}],"about":[{"href":"https:\/\/dekoban.pl\/index.php\/wp-json\/wp\/v2\/types\/page"}],"author":[{"embeddable":true,"href":"https:\/\/dekoban.pl\/index.php\/wp-json\/wp\/v2\/users\/1"}],"replies":[{"embeddable":true,"href":"https:\/\/dekoban.pl\/index.php\/wp-json\/wp\/v2\/comments?post=42"}],"version-history":[{"count":16,"href":"https:\/\/dekoban.pl\/index.php\/wp-json\/wp\/v2\/pages\/42\/revisions"}],"predecessor-version":[{"id":430,"href":"https:\/\/dekoban.pl\/index.php\/wp-json\/wp\/v2\/pages\/42\/revisions\/430"}],"wp:attachment":[{"href":"https:\/\/dekoban.pl\/index.php\/wp-json\/wp\/v2\/media?parent=42"}],"curies":[{"name":"wp","href":"https:\/\/api.w.org\/{rel}","templated":true}]}}